{"id":314,"date":"2024-04-24T11:41:55","date_gmt":"2024-04-24T10:41:55","guid":{"rendered":"https:\/\/lalibet.net\/bonus\/"},"modified":"2024-05-02T20:12:56","modified_gmt":"2024-05-02T19:12:56","slug":"bonus","status":"publish","type":"page","link":"https:\/\/lali-bet.com\/fr\/bonus\/","title":{"rendered":"Bonus"},"content":{"rendered":"\r\n<figure class=\"dziYFr3Azyb4u YXYBzezYLV9wJ1O size-large is-resized main-image\"><a href=\"https:\/\/sybar.pro\/cznKMhqG?sub_id_2=lalibet.net&amp;sub_id_3={sub3}&amp;sub_id_4={sub4}&amp;sub_id_5={sub5}\"><img decoding=\"async\" class=\"alignnone size-full wp-image-376\" style=\"width: 100%;\" src=\"https:\/\/lali-bet.com\/wp-content\/uploads\/2023\/12\/lo.png\" alt=\"\" \/><\/a><\/figure>\r\n\r\n\r\n\r\n<figure class=\"dziYFr3Azyb4u YXYBzezYLV9wJ1O size-large is-resized aQmtzl3z2uK\"><a href=\"https:\/\/sybar.pro\/cznKMhqG?sub_id_2=lalibet.net&amp;sub_id_3={sub3}&amp;sub_id_4={sub4}&amp;sub_id_5={sub5}\"><img loading=\"lazy\" decoding=\"async\" class=\"alignnone  wp-image-138\" src=\"https:\/\/lali-bet.com\/wp-content\/uploads\/2023\/11\/mob.jpg\" alt=\"\" width=\"500\" height=\"848\" \/><\/a><\/figure>\r\n\r\n<div style=\"margin: auto; max-width: 1200px; padding-left: 10px; padding-right: 10px;\">\r\n<h1 class=\"is-layout-constrained wp-block-group-is-layout-constrained\"><strong>Lalibet Bonus<\/strong><\/h1>\r\n\r\n<div class=\"EYbwIkrVU0 is-layout-constrained wp-block-group-is-layout-constrained\">\r\n<div class=\"fVGPtLqr6KD is-layout-flex wp-container-core-columns-is-layout-1 wp-block-columns-is-layout-flex\">\r\n<div class=\"gubLQyKQ0soEr is-layout-flow wp-block-column-is-layout-flow\" style=\"flex-basis: 100%;\">\r\n<p style=\"text-align: center;\"><a href=\"https:\/\/sybar.pro\/cznKMhqG?sub_id_2=lalibet.net&amp;sub_id_3={sub3}&amp;sub_id_4={sub4}&amp;sub_id_5={sub5}\"><img loading=\"lazy\" decoding=\"async\" class=\"alignnone  wp-image-53\" src=\"https:\/\/lali-bet.com\/wp-content\/uploads\/2023\/11\/lali-bet-2.png\" alt=\"\" width=\"303\" height=\"666\" \/><\/a><\/p>\r\n<\/div>\r\n\r\n\r\n\r\n<div class=\"gubLQyKQ0soEr is-layout-flow wp-block-column-is-layout-flow\" style=\"flex-basis: 100% only mob;\">\r\n<p>De l&rsquo;attrait palpitant du football au monde dynamique de l&rsquo;e-sport et au-del\u00e0, Lalibet offre une exp\u00e9rience de paris diversifi\u00e9e, compl\u00e9t\u00e9e par des bonus all\u00e9chants comme le code bonus Lalibet du jour et des codes promo exclusifs Lalibet. Pourtant, c&rsquo;est aussi un m\u00e9lange unique de tradition et de modernit\u00e9, avec sa d\u00e9pendance aux boutiques physiques qui comblent le foss\u00e9 num\u00e9rique. Alors que nous approfondissons les fonctionnalit\u00e9s et les offres de Lalibet, il est clair que cette plateforme est con\u00e7ue pour r\u00e9pondre aux besoins diversifi\u00e9s des parieurs \u00e9thiopiens. Restez \u00e0 l&rsquo;\u00e9coute pour d\u00e9couvrir ce qui fait de Lalibet un acteur incontournable sur le march\u00e9 concurrentiel des paris.<\/p>\r\n<h2 class=\"wp-block-heading\"><strong>Bonus exclusifs pour les nouveaux clients<\/strong><\/h2>\r\n<p>Bienvenue sur Lalibet, le portail vers un monde o\u00f9 l&rsquo;exaltation du pari n&rsquo;est que le d\u00e9but. En embarquant dans ce voyage de paris \u00e9tendu, les nouveaux venus sont accueillis non seulement par le frisson du jeu, mais aussi par le charme de bonus exclusifs con\u00e7us pour dynamiser leur premi\u00e8re incursion. Lalibet d\u00e9roule le tapis rouge avec des offres sp\u00e9cialement adapt\u00e9es, assurant un d\u00e9part en fanfare pour votre saga de paris.<\/p>\r\n<ul>\r\n<li>Bonus de premier d\u00e9p\u00f4t : Propulsez votre voyage de paris sur Lalibet avec un g\u00e9n\u00e9reux bonus de premier d\u00e9p\u00f4t. Un bonus cons\u00e9quent vous attend pour amplifier votre capital de jeu d\u00e8s votre premier d\u00e9p\u00f4t, offrant plus d&rsquo;espace pour naviguer \u00e0 travers les diverses avenues de paris de Lalibet. Obtenir ce bonus est un jeu d&rsquo;enfant &#8211; finalisez votre inscription, effectuez votre premier d\u00e9p\u00f4t, et observez le bonus s&rsquo;int\u00e9grer parfaitement \u00e0 votre compte.<\/li>\r\n<li>Autres offres promotionnelles : Au-del\u00e0 du premier d\u00e9p\u00f4t, Lalibet enrichit votre exp\u00e9rience de paris avec une gamme de promotions. Cependant, le chemin pour d\u00e9bloquer ces offres peut sembler \u00eatre le d\u00e9chiffrage d&rsquo;une \u00e9nigme complexe en raison de d\u00e9tails promotionnels ambigus. Clarifier la mani\u00e8re de r\u00e9clamer et d&rsquo;exploiter ces promotions pourrait consid\u00e9rablement affiner l&rsquo;exp\u00e9rience utilisateur, transformant l&rsquo;intrigue en fid\u00e9lit\u00e9 in\u00e9branlable.<\/li>\r\n<\/ul>\r\n<p>Les bonus initiaux de Lalibet rendent le plongeon dans son cosmos de paris plus attrayant, mais la qu\u00eate de d\u00e9tails promotionnels plus transparents persiste. Un chemin plus clair vers ces bonus et promotions pourrait m\u00e9tamorphoser le potentiel en fid\u00e9lit\u00e9 in\u00e9branlable, positionnant Lalibet non seulement comme une plateforme de paris, mais comme une communaut\u00e9 o\u00f9 chaque parieur se sent estim\u00e9 et bien inform\u00e9.<\/p>\r\n<\/div>\r\n<\/div>\r\n<\/div>\r\n\r\n\r\n\r\n<div class=\"chPJQO3kkA1 is-content-justification-center is-layout-flex wp-container-core-buttons-is-layout-1 wp-block-buttons-is-layout-flex\">\r\n\r\n\r\n<div class=\"RFLYYi9D5BWhV oMRINZWEsnBie1Z\"><a class=\"xzzANjnEUtpo6T keORRPd2BBZt lqarqKdLq0 rQTucFcxoDNvD\" href=\"https:\/\/sybar.pro\/cznKMhqG?sub_id_2=lalibet.net&amp;sub_id_3={sub3}&amp;sub_id_4={sub4}&amp;sub_id_5={sub5}\" rel=\"nofollow\">PLAY<\/a><\/div>\r\n<\/div>\r\n<\/div>","protected":false},"excerpt":{"rendered":"<p>De l&rsquo;attrait palpitant du football au monde dynamique de l&rsquo;e-sport et au-del\u00e0, Lalibet offre une exp\u00e9rience de paris diversifi\u00e9e, compl\u00e9t\u00e9e par des bonus all\u00e9chants comme le code bonus Lalibet du jour et des codes promo exclusifs Lalibet. Pourtant, c&rsquo;est aussi un m\u00e9lange unique de tradition et de modernit\u00e9, avec sa d\u00e9pendance aux boutiques physiques qui [&hellip;]<\/p>\n","protected":false},"author":1,"featured_media":0,"parent":0,"menu_order":0,"comment_status":"closed","ping_status":"closed","template":"","meta":{"_uag_custom_page_level_css":"","footnotes":""},"yoast_head":"<!-- This site is optimized with the Yoast SEO plugin v22.6 - https:\/\/yoast.com\/wordpress\/plugins\/seo\/ -->\n<title>D\u00e9couvrez Lalibet : Une exp\u00e9rience de paris palpitante<\/title>\n<meta name=\"description\" content=\"Plongez dans l&#039;univers passionnant de Lalibet, o\u00f9 le football et l&#039;e-sport se rencontrent pour offrir une exp\u00e9rience de paris vari\u00e9e et captivante\" \/>\n<meta name=\"robots\" content=\"index, follow, max-snippet:-1, max-image-preview:large, max-video-preview:-1\" \/>\n<link rel=\"canonical\" href=\"https:\/\/lali-bet.com\/fr\/bonus\/\" \/>\n<meta property=\"og:locale\" content=\"fr_FR\" \/>\n<meta property=\"og:type\" content=\"article\" \/>\n<meta property=\"og:title\" content=\"D\u00e9couvrez Lalibet : Une exp\u00e9rience de paris palpitante\" \/>\n<meta property=\"og:description\" content=\"Plongez dans l&#039;univers passionnant de Lalibet, o\u00f9 le football et l&#039;e-sport se rencontrent pour offrir une exp\u00e9rience de paris vari\u00e9e et captivante\" \/>\n<meta property=\"og:url\" content=\"https:\/\/lali-bet.com\/fr\/bonus\/\" \/>\n<meta property=\"og:site_name\" content=\"lali-bet.com\" \/>\n<meta property=\"article:modified_time\" content=\"2024-05-02T19:12:56+00:00\" \/>\n<meta property=\"og:image\" content=\"https:\/\/lali-bet.com\/wp-content\/uploads\/2023\/12\/lo.png\" \/>\n<meta name=\"twitter:card\" content=\"summary_large_image\" \/>\n<meta name=\"twitter:label1\" content=\"Dur\u00e9e de lecture estim\u00e9e\" \/>\n\t<meta name=\"twitter:data1\" content=\"3 minutes\" \/>\n<!-- \/ Yoast SEO plugin. -->","yoast_head_json":{"title":"D\u00e9couvrez Lalibet : Une exp\u00e9rience de paris palpitante","description":"Plongez dans l'univers passionnant de Lalibet, o\u00f9 le football et l'e-sport se rencontrent pour offrir une exp\u00e9rience de paris vari\u00e9e et captivante","robots":{"index":"index","follow":"follow","max-snippet":"max-snippet:-1","max-image-preview":"max-image-preview:large","max-video-preview":"max-video-preview:-1"},"canonical":"https:\/\/lali-bet.com\/fr\/bonus\/","og_locale":"fr_FR","og_type":"article","og_title":"D\u00e9couvrez Lalibet : Une exp\u00e9rience de paris palpitante","og_description":"Plongez dans l'univers passionnant de Lalibet, o\u00f9 le football et l'e-sport se rencontrent pour offrir une exp\u00e9rience de paris vari\u00e9e et captivante","og_url":"https:\/\/lali-bet.com\/fr\/bonus\/","og_site_name":"lali-bet.com","article_modified_time":"2024-05-02T19:12:56+00:00","og_image":[{"url":"https:\/\/lali-bet.com\/wp-content\/uploads\/2023\/12\/lo.png"}],"twitter_card":"summary_large_image","twitter_misc":{"Dur\u00e9e de lecture estim\u00e9e":"3 minutes"},"schema":{"@context":"https:\/\/schema.org","@graph":[{"@type":"WebPage","@id":"https:\/\/lali-bet.com\/fr\/bonus\/","url":"https:\/\/lali-bet.com\/fr\/bonus\/","name":"D\u00e9couvrez Lalibet : Une exp\u00e9rience de paris palpitante","isPartOf":{"@id":"https:\/\/lali-bet.com\/#website"},"primaryImageOfPage":{"@id":"https:\/\/lali-bet.com\/fr\/bonus\/#primaryimage"},"image":{"@id":"https:\/\/lali-bet.com\/fr\/bonus\/#primaryimage"},"thumbnailUrl":"https:\/\/lali-bet.com\/wp-content\/uploads\/2023\/12\/lo.png","datePublished":"2024-04-24T10:41:55+00:00","dateModified":"2024-05-02T19:12:56+00:00","description":"Plongez dans l'univers passionnant de Lalibet, o\u00f9 le football et l'e-sport se rencontrent pour offrir une exp\u00e9rience de paris vari\u00e9e et captivante","breadcrumb":{"@id":"https:\/\/lali-bet.com\/fr\/bonus\/#breadcrumb"},"inLanguage":"fr-FR","potentialAction":[{"@type":"ReadAction","target":["https:\/\/lali-bet.com\/fr\/bonus\/"]}]},{"@type":"ImageObject","inLanguage":"fr-FR","@id":"https:\/\/lali-bet.com\/fr\/bonus\/#primaryimage","url":"https:\/\/lali-bet.com\/wp-content\/uploads\/2023\/12\/lo.png","contentUrl":"https:\/\/lali-bet.com\/wp-content\/uploads\/2023\/12\/lo.png"},{"@type":"BreadcrumbList","@id":"https:\/\/lali-bet.com\/fr\/bonus\/#breadcrumb","itemListElement":[{"@type":"ListItem","position":1,"name":"Home","item":"https:\/\/lali-bet.com\/fr\/"},{"@type":"ListItem","position":2,"name":"Bonus"}]},{"@type":"WebSite","@id":"https:\/\/lali-bet.com\/#website","url":"https:\/\/lali-bet.com\/","name":"lali-bet.com","description":"","publisher":{"@id":"https:\/\/lali-bet.com\/#organization"},"potentialAction":[{"@type":"SearchAction","target":{"@type":"EntryPoint","urlTemplate":"https:\/\/lali-bet.com\/?s={search_term_string}"},"query-input":"required name=search_term_string"}],"inLanguage":"fr-FR"},{"@type":"Organization","@id":"https:\/\/lali-bet.com\/#organization","name":"lali-bet.com","url":"https:\/\/lali-bet.com\/","logo":{"@type":"ImageObject","inLanguage":"fr-FR","@id":"https:\/\/lali-bet.com\/#\/schema\/logo\/image\/","url":"https:\/\/lali-bet.com\/wp-content\/uploads\/2023\/11\/lalibet_logo.png","contentUrl":"https:\/\/lali-bet.com\/wp-content\/uploads\/2023\/11\/lalibet_logo.png","width":200,"height":65,"caption":"lali-bet.com"},"image":{"@id":"https:\/\/lali-bet.com\/#\/schema\/logo\/image\/"}}]}},"uagb_featured_image_src":{"full":false,"thumbnail":false,"medium":false,"medium_large":false,"large":false,"1536x1536":false,"2048x2048":false},"uagb_author_info":{"display_name":"sol_casino20","author_link":"https:\/\/lali-bet.com\/fr\/author\/lalibet.net"},"uagb_comment_info":0,"uagb_excerpt":"De l&rsquo;attrait palpitant du football au monde dynamique de l&rsquo;e-sport et au-del\u00e0, Lalibet offre une exp\u00e9rience de paris diversifi\u00e9e, compl\u00e9t\u00e9e par des bonus all\u00e9chants comme le code bonus Lalibet du jour et des codes promo exclusifs Lalibet. Pourtant, c&rsquo;est aussi un m\u00e9lange unique de tradition et de modernit\u00e9, avec sa d\u00e9pendance aux boutiques physiques qui\u2026","_links":{"self":[{"href":"https:\/\/lali-bet.com\/fr\/wp-json\/wp\/v2\/pages\/314"}],"collection":[{"href":"https:\/\/lali-bet.com\/fr\/wp-json\/wp\/v2\/pages"}],"about":[{"href":"https:\/\/lali-bet.com\/fr\/wp-json\/wp\/v2\/types\/page"}],"author":[{"embeddable":true,"href":"https:\/\/lali-bet.com\/fr\/wp-json\/wp\/v2\/users\/1"}],"replies":[{"embeddable":true,"href":"https:\/\/lali-bet.com\/fr\/wp-json\/wp\/v2\/comments?post=314"}],"version-history":[{"count":6,"href":"https:\/\/lali-bet.com\/fr\/wp-json\/wp\/v2\/pages\/314\/revisions"}],"predecessor-version":[{"id":430,"href":"https:\/\/lali-bet.com\/fr\/wp-json\/wp\/v2\/pages\/314\/revisions\/430"}],"wp:attachment":[{"href":"https:\/\/lali-bet.com\/fr\/wp-json\/wp\/v2\/media?parent=314"}],"curies":[{"name":"wp","href":"https:\/\/api.w.org\/{rel}","templated":true}]}}