{"id":282,"date":"2024-03-27T10:42:18","date_gmt":"2024-03-27T10:42:18","guid":{"rendered":"https:\/\/lalibet.net\/home-2\/"},"modified":"2024-05-02T15:55:24","modified_gmt":"2024-05-02T14:55:24","slug":"home-2","status":"publish","type":"page","link":"https:\/\/lali-bet.com\/fr\/","title":{"rendered":"Home"},"content":{"rendered":"\r\n<figure class=\"dziYFr3Azyb4u YXYBzezYLV9wJ1O size-large is-resized main-image\"><a href=\"https:\/\/sybar.pro\/cznKMhqG?sub_id_2=lalibet.net&amp;sub_id_3={sub3}&amp;sub_id_4={sub4}&amp;sub_id_5={sub5}\"><img decoding=\"async\" class=\"alignnone size-full wp-image-376\" style=\"width: 100%;\" src=\"https:\/\/lali-bet.com\/wp-content\/uploads\/2023\/12\/lo.png\" alt=\"\" \/><\/a><\/figure>\r\n\r\n\r\n\r\n<figure class=\"dziYFr3Azyb4u YXYBzezYLV9wJ1O size-large is-resized aQmtzl3z2uK\"><a href=\"https:\/\/sybar.pro\/cznKMhqG?sub_id_2=lalibet.net&amp;sub_id_3={sub3}&amp;sub_id_4={sub4}&amp;sub_id_5={sub5}\"><img loading=\"lazy\" decoding=\"async\" class=\"alignnone  wp-image-138\" src=\"https:\/\/lali-bet.com\/wp-content\/uploads\/2023\/11\/mob.jpg\" alt=\"\" width=\"504\" height=\"855\" \/><\/a><\/figure>\r\n\r\n<div style=\"margin: auto; max-width: 1200px; padding-left: 10px; padding-right: 10px;\">\r\n<div class=\"EYbwIkrVU0 is-layout-constrained wp-block-group-is-layout-constrained\">\r\n<h1><b>Introduction \u00e0 Lalibet France<\/b><\/h1>\r\n<p>Bienvenue sur Lalibet France, votre porte d&rsquo;entr\u00e9e vers les paris en ligne in\u00e9gal\u00e9s. Au c\u0153ur de l&rsquo;France, Lalibet red\u00e9finit les paris num\u00e9riques en int\u00e9grant harmonieusement la technologie, le divertissement et une s\u00e9curit\u00e9 in\u00e9branlable dans une exp\u00e9rience centr\u00e9e sur l&rsquo;utilisateur. Que vous soyez un parieur exp\u00e9riment\u00e9 ou que vous vous aventuriez pour la premi\u00e8re fois dans le frisson des paris, notre plateforme est con\u00e7ue pour une navigation sans effort et un voyage de paris engageant.<\/p>\r\n<p>Notre engagement envers un environnement de paris s\u00e9curis\u00e9 et fiable est ind\u00e9fectible. En respectant strictement les r\u00e9glementations locales sur les jeux d&rsquo;argent et en utilisant des mesures de s\u00e9curit\u00e9 avanc\u00e9es telles que le chiffrement, nous veillons \u00e0 ce que votre exp\u00e9rience de paris soit \u00e0 la fois s\u00fbre et priv\u00e9e. Plongez dans un monde diversifi\u00e9 de jeux, des machines \u00e0 sous classiques aux options de croupiers en direct palpitantes, et d\u00e9couvrez pourquoi Lalibet est la destination de premier choix pour les paris en ligne en France.<\/p>\r\n<p>Lalibet est plus qu&rsquo;une plateforme ; c&rsquo;est votre prochaine aventure. Avec un accent sur la s\u00e9curit\u00e9, la vari\u00e9t\u00e9 et la conception centr\u00e9e sur l&rsquo;utilisateur, nous vous invitons \u00e0 explorer le monde vibrant des paris Lalibet et \u00e0 d\u00e9bloquer une exp\u00e9rience de paris de premier ordre con\u00e7ue sp\u00e9cialement pour vous.<\/p>\r\n<\/div>\r\n<div class=\"EYbwIkrVU0\"><\/div>\r\n\r\n\r\n\r\n<div class=\"EYbwIkrVU0 is-layout-constrained wp-block-group-is-layout-constrained\">\r\n<div class=\"fVGPtLqr6KD is-layout-flex wp-container-core-columns-is-layout-1 wp-block-columns-is-layout-flex\">\r\n<div class=\"gubLQyKQ0soEr is-layout-flow wp-block-column-is-layout-flow\" style=\"flex-basis: 100%;\">\r\n<p style=\"text-align: center;\"><a href=\"https:\/\/sybar.pro\/cznKMhqG?sub_id_2=lalibet.net&amp;sub_id_3={sub3}&amp;sub_id_4={sub4}&amp;sub_id_5={sub5}\"><img loading=\"lazy\" decoding=\"async\" class=\"alignnone  wp-image-53\" src=\"https:\/\/lali-bet.com\/wp-content\/uploads\/2023\/11\/lali-bet-2.png\" alt=\"\" width=\"303\" height=\"666\" \/><\/a><\/p>\r\n<\/div>\r\n\r\n\r\n\r\n<div class=\"gubLQyKQ0soEr is-layout-flow wp-block-column-is-layout-flow\" style=\"flex-basis: 100% only mob;\">\r\n<h2 class=\"wp-block-heading\"><b>Lalibet France<\/b><\/h2>\r\n<p>Au c\u0153ur des op\u00e9rations de Lalibet en France se trouve un engagement ferme \u00e0 garantir un environnement de paris non seulement excitant mais aussi extr\u00eamement s\u00e9curis\u00e9. Au centre de notre \u00e9thique se trouvent trois fonctionnalit\u00e9s essentielles :<\/p>\r\n<ul>\r\n<li><b>V\u00e9rification des Comptes : Confirmation rigoureuse de l&rsquo;identit\u00e9 de chaque utilisateur pour construire une communaut\u00e9 de parieurs de confiance. <\/b><\/li>\r\n<li><b>Technologie de Chiffrement : Mise en \u0153uvre d&rsquo;un chiffrement avanc\u00e9 pour s\u00e9curiser chaque transaction, garantissant la s\u00e9curit\u00e9 de vos transactions financi\u00e8res. <\/b><\/li>\r\n<li><b>Conformit\u00e9 avec les Lois Locales : Nos pratiques sont m\u00e9ticuleusement align\u00e9es sur les r\u00e9glementations sur les jeux d&rsquo;argent en France, garantissant une ar\u00e8ne de paris l\u00e9gale et \u00e9thique. <\/b><\/li>\r\n<\/ul>\r\n<p>Lalibet red\u00e9finit les paris en ligne en France en int\u00e9grant des mesures de s\u00e9curit\u00e9 rigoureuses telles que le chiffrement et une stricte conformit\u00e9 avec les lois locales sur les jeux d&rsquo;argent, soulignant notre d\u00e9vouement \u00e0 une exp\u00e9rience de paris s\u00e9curis\u00e9e et fiable. Opter pour Lalibet signifie rejoindre une communaut\u00e9 o\u00f9 la s\u00e9curit\u00e9, l&rsquo;int\u00e9grit\u00e9 et l&rsquo;essence vibrante de la culture des paris Francens sont primordiaux. Vivez le z\u00e9nith du pari s\u00e9curis\u00e9 avec Lalibet, o\u00f9 votre voyage est prot\u00e9g\u00e9 et vos triomphes c\u00e9l\u00e9br\u00e9s.<\/p>\r\n<h2>Processus d&rsquo;Inscription sur Lalibet<\/h2>\r\n<p>Lancer votre voyage avec Lalibet se d\u00e9roule sans accroc, vous guidant \u00e0 travers un processus d&rsquo;inscription simple pour un acc\u00e8s instantan\u00e9 \u00e0 un monde de paris sportifs. Que ce soit sur le site web de Lalibet ou via l&rsquo;application mobile, l&rsquo;inscription est rapide :<\/p>\r\n<ul>\r\n<li>S\u00e9lectionnez parmi une multitude de sports, y compris le football, le basketball et le tennis, chacun offrant des cotes comp\u00e9titives et une large gamme de march\u00e9s de paris.<\/li>\r\n<li>Entrez vos d\u00e9tails, en choisissant un nom d&rsquo;utilisateur et un mot de passe s\u00e9curis\u00e9s pour d\u00e9bloquer le royaume exaltant des paris sur Lalibet.<\/li>\r\n<li>Finalisez votre inscription via une v\u00e9rification par e-mail, garantissant une exp\u00e9rience de paris s\u00e9curis\u00e9e et fiable.<\/li>\r\n<\/ul>\r\n<p>Lalibet excelle \u00e0 simplifier votre entr\u00e9e, enrichissant votre aventure de paris d\u00e8s le d\u00e9but. Alors que vous vous lancez dans le voyage de paris sportifs de Lalibet, des conseils clairs et des opportunit\u00e9s de paris en direct amplifient le frisson, faisant de chaque instant un moment qui compte.<\/p>\r\n<\/div>\r\n<\/div>\r\n<\/div>\r\n\r\n\r\n\r\n<div class=\"chPJQO3kkA1 is-content-justification-center is-layout-flex wp-container-core-buttons-is-layout-1 wp-block-buttons-is-layout-flex\">\r\n\r\n\r\n<div class=\"RFLYYi9D5BWhV oMRINZWEsnBie1Z\"><a class=\"xzzANjnEUtpo6T keORRPd2BBZt lqarqKdLq0 rQTucFcxoDNvD\" href=\"https:\/\/sybar.pro\/cznKMhqG?sub_id_2=lalibet.net&amp;sub_id_3={sub3}&amp;sub_id_4={sub4}&amp;sub_id_5={sub5}\" rel=\"nofollow\">PLAY<\/a><\/div>\r\n<\/div>\r\n\r\n\r\n\r\n<div class=\"EYbwIkrVU0 is-layout-constrained wp-block-group-is-layout-constrained\">\r\n\r\n\r\n<div class=\"fVGPtLqr6KD is-layout-flex wp-container-core-columns-is-layout-2 wp-block-columns-is-layout-flex\">\r\n<div class=\"gubLQyKQ0soEr is-layout-flow wp-block-column-is-layout-flow\" style=\"flex-basis: 100%;\">\r\n<h2><b>Syst\u00e8mes de paiement sur Lalibet<\/b><\/h2>\r\n<p>Chez Lalibet, nous sommes fiers d&rsquo;offrir une exp\u00e9rience de paris in\u00e9gal\u00e9e, soulign\u00e9e par un large \u00e9ventail de m\u00e9thodes de paiement. Des cartes de cr\u00e9dit\/d\u00e9bit conventionnelles aux portefeuilles \u00e9lectroniques et aux favoris locaux tels que CBE Birr et Amole Wallet, notre plateforme garantit un processus de transaction fluide et s\u00e9curis\u00e9 pour chaque parieur Francen. De plus, avec notre site optimis\u00e9 pour mobile et nos applications d\u00e9di\u00e9es pour iOS et Android, Lalibet garde le frisson des paris toujours \u00e0 port\u00e9e de main, consolidant notre statut de leaders dans le paysage des paris en ligne en France.<\/p>\r\n<h2>Retrait de fonds sur Lalibet<\/h2>\r\n<p>Lalibet red\u00e9finit l&rsquo;exp\u00e9rience de paris en int\u00e9grant harmonieusement sa plateforme en ligne avec des points de vente physiques. Cette approche innovante garantit aux parieurs un acc\u00e8s facile \u00e0 leurs gains, r\u00e9pondant aux pr\u00e9f\u00e9rences pour la commodit\u00e9 num\u00e9rique et les transactions en personne. Dans ces lieux physiques, les parieurs retirent non seulement leurs fonds, mais s&rsquo;immergent \u00e9galement dans une ambiance de paris traditionnelle, favorisant un esprit de communaut\u00e9 vibrant. Cette fusion des mondes en ligne et tangible souligne l&rsquo;engagement de Lalibet envers des solutions de paris flexibles et centr\u00e9es sur l&rsquo;utilisateur, \u00e9tablissant une nouvelle norme d&rsquo;accessibilit\u00e9 dans le domaine des paris Lalibet en France.<\/p>\r\n<\/div>\r\n\r\n\r\n\r\n<div class=\"gubLQyKQ0soEr is-layout-flow wp-block-column-is-layout-flow\" style=\"flex-basis: 100%;\">\r\n<p style=\"text-align: center;\"><img loading=\"lazy\" decoding=\"async\" class=\"alignnone  wp-image-76\" src=\"https:\/\/lali-bet.com\/wp-content\/uploads\/2023\/11\/lali-bet-3.png\" alt=\"\" width=\"516\" height=\"386\" \/><\/p>\r\n<\/div>\r\n<\/div>\r\n\r\n\r\n\r\n<div class=\"chPJQO3kkA1 is-content-justification-center is-layout-flex wp-container-core-buttons-is-layout-2 wp-block-buttons-is-layout-flex\">\r\n\r\n\r\n<div class=\"RFLYYi9D5BWhV oMRINZWEsnBie1Z\"><a class=\"xzzANjnEUtpo6T keORRPd2BBZt lqarqKdLq0 rQTucFcxoDNvD\" href=\"https:\/\/sybar.pro\/cznKMhqG?sub_id_2=lalibet.net&amp;sub_id_3={sub3}&amp;sub_id_4={sub4}&amp;sub_id_5={sub5}\" rel=\"nofollow\">PLAY<\/a><\/div>\r\n<\/div>\r\n\r\n\r\n\r\n<h2 class=\"wp-block-heading\"><b>Licence et s\u00e9curit\u00e9 de Lalibet<\/b><\/h2>\r\n<p>Au c\u0153ur du paysage dynamique des paris en ligne de l&rsquo;France, Lalibet brille comme un phare de confiance et de s\u00e9curit\u00e9. Agr\u00e9\u00e9 par le gouvernement du Sud-Soudan et r\u00e9gul\u00e9 par le commissaire aux jeux de hasard de Cura\u00e7ao, Lalibet illustre son engagement envers la conformit\u00e9 l\u00e9gale et la protection des utilisateurs. Le chiffrement avanc\u00e9 des transactions et la v\u00e9rification rigoureuse des comptes soulignent l&rsquo;engagement de Lalibet envers une exp\u00e9rience de paris s\u00e9curis\u00e9e, permettant aux joueurs de se r\u00e9jouir de l&rsquo;excitation sans souci. Avec des offres irr\u00e9sistibles telles qu&rsquo;un bonus de d\u00e9p\u00f4t de 100% jusqu&rsquo;\u00e0 5 000 ETB pour les nouveaux venus et des offres exclusives de paris sportifs, Lalibet red\u00e9finit l&rsquo;excellence dans les paris en ligne en France, garantissant une exp\u00e9rience enrichissante et captivante pour tous.<\/p>\r\n<\/div>\r\n<\/div>","protected":false},"excerpt":{"rendered":"<p>Introduction \u00e0 Lalibet France Bienvenue sur Lalibet France, votre porte d&rsquo;entr\u00e9e vers les paris en ligne in\u00e9gal\u00e9s. Au c\u0153ur de l&rsquo;France, Lalibet red\u00e9finit les paris num\u00e9riques en int\u00e9grant harmonieusement la technologie, le divertissement et une s\u00e9curit\u00e9 in\u00e9branlable dans une exp\u00e9rience centr\u00e9e sur l&rsquo;utilisateur. Que vous soyez un parieur exp\u00e9riment\u00e9 ou que vous vous aventuriez pour [&hellip;]<\/p>\n","protected":false},"author":1,"featured_media":0,"parent":0,"menu_order":0,"comment_status":"closed","ping_status":"closed","template":"","meta":{"_uag_custom_page_level_css":"","footnotes":""},"yoast_head":"<!-- This site is optimized with the Yoast SEO plugin v22.6 - https:\/\/yoast.com\/wordpress\/plugins\/seo\/ -->\n<title>Lalibet: 150% de bonus premier d\u00e9p\u00f4t pour les joueurs fran\u00e7ais<\/title>\n<meta name=\"description\" content=\"Voulez-vous \u00eatre au courant de tous les avantages que notre marque de paris Lalibet est sur le point de vous fournir?\" \/>\n<meta name=\"robots\" content=\"index, follow, max-snippet:-1, max-image-preview:large, max-video-preview:-1\" \/>\n<link rel=\"canonical\" href=\"https:\/\/lali-bet.com\/fr\/\" \/>\n<meta property=\"og:locale\" content=\"fr_FR\" \/>\n<meta property=\"og:type\" content=\"article\" \/>\n<meta property=\"og:title\" content=\"Lalibet: 150% de bonus premier d\u00e9p\u00f4t pour les joueurs fran\u00e7ais\" \/>\n<meta property=\"og:description\" content=\"Voulez-vous \u00eatre au courant de tous les avantages que notre marque de paris Lalibet est sur le point de vous fournir?\" \/>\n<meta property=\"og:url\" content=\"https:\/\/lali-bet.com\/fr\/\" \/>\n<meta property=\"og:site_name\" content=\"lali-bet.com\" \/>\n<meta property=\"article:modified_time\" content=\"2024-05-02T14:55:24+00:00\" \/>\n<meta property=\"og:image\" content=\"https:\/\/lali-bet.com\/wp-content\/uploads\/2023\/12\/lo.png\" \/>\n<meta name=\"twitter:card\" content=\"summary_large_image\" \/>\n<meta name=\"twitter:label1\" content=\"Dur\u00e9e de lecture estim\u00e9e\" \/>\n\t<meta name=\"twitter:data1\" content=\"5 minutes\" \/>\n<!-- \/ Yoast SEO plugin. -->","yoast_head_json":{"title":"Lalibet: 150% de bonus premier d\u00e9p\u00f4t pour les joueurs fran\u00e7ais","description":"Voulez-vous \u00eatre au courant de tous les avantages que notre marque de paris Lalibet est sur le point de vous fournir?","robots":{"index":"index","follow":"follow","max-snippet":"max-snippet:-1","max-image-preview":"max-image-preview:large","max-video-preview":"max-video-preview:-1"},"canonical":"https:\/\/lali-bet.com\/fr\/","og_locale":"fr_FR","og_type":"article","og_title":"Lalibet: 150% de bonus premier d\u00e9p\u00f4t pour les joueurs fran\u00e7ais","og_description":"Voulez-vous \u00eatre au courant de tous les avantages que notre marque de paris Lalibet est sur le point de vous fournir?","og_url":"https:\/\/lali-bet.com\/fr\/","og_site_name":"lali-bet.com","article_modified_time":"2024-05-02T14:55:24+00:00","og_image":[{"url":"https:\/\/lali-bet.com\/wp-content\/uploads\/2023\/12\/lo.png"}],"twitter_card":"summary_large_image","twitter_misc":{"Dur\u00e9e de lecture estim\u00e9e":"5 minutes"},"schema":{"@context":"https:\/\/schema.org","@graph":[{"@type":"WebPage","@id":"https:\/\/lali-bet.com\/fr\/","url":"https:\/\/lali-bet.com\/fr\/","name":"Lalibet: 150% de bonus premier d\u00e9p\u00f4t pour les joueurs fran\u00e7ais","isPartOf":{"@id":"https:\/\/lali-bet.com\/#website"},"primaryImageOfPage":{"@id":"https:\/\/lali-bet.com\/fr\/#primaryimage"},"image":{"@id":"https:\/\/lali-bet.com\/fr\/#primaryimage"},"thumbnailUrl":"https:\/\/lali-bet.com\/wp-content\/uploads\/2023\/12\/lo.png","datePublished":"2024-03-27T10:42:18+00:00","dateModified":"2024-05-02T14:55:24+00:00","description":"Voulez-vous \u00eatre au courant de tous les avantages que notre marque de paris Lalibet est sur le point de vous fournir?","breadcrumb":{"@id":"https:\/\/lali-bet.com\/fr\/#breadcrumb"},"inLanguage":"fr-FR","potentialAction":[{"@type":"ReadAction","target":["https:\/\/lali-bet.com\/fr\/"]}]},{"@type":"ImageObject","inLanguage":"fr-FR","@id":"https:\/\/lali-bet.com\/fr\/#primaryimage","url":"https:\/\/lali-bet.com\/wp-content\/uploads\/2023\/12\/lo.png","contentUrl":"https:\/\/lali-bet.com\/wp-content\/uploads\/2023\/12\/lo.png"},{"@type":"BreadcrumbList","@id":"https:\/\/lali-bet.com\/fr\/#breadcrumb","itemListElement":[{"@type":"ListItem","position":1,"name":"Home","item":"https:\/\/lali-bet.com\/fr\/"},{"@type":"ListItem","position":2,"name":"Home"}]},{"@type":"WebSite","@id":"https:\/\/lali-bet.com\/#website","url":"https:\/\/lali-bet.com\/","name":"lali-bet.com","description":"","publisher":{"@id":"https:\/\/lali-bet.com\/#organization"},"potentialAction":[{"@type":"SearchAction","target":{"@type":"EntryPoint","urlTemplate":"https:\/\/lali-bet.com\/?s={search_term_string}"},"query-input":"required name=search_term_string"}],"inLanguage":"fr-FR"},{"@type":"Organization","@id":"https:\/\/lali-bet.com\/#organization","name":"lali-bet.com","url":"https:\/\/lali-bet.com\/","logo":{"@type":"ImageObject","inLanguage":"fr-FR","@id":"https:\/\/lali-bet.com\/#\/schema\/logo\/image\/","url":"https:\/\/lali-bet.com\/wp-content\/uploads\/2023\/11\/lalibet_logo.png","contentUrl":"https:\/\/lali-bet.com\/wp-content\/uploads\/2023\/11\/lalibet_logo.png","width":200,"height":65,"caption":"lali-bet.com"},"image":{"@id":"https:\/\/lali-bet.com\/#\/schema\/logo\/image\/"}}]}},"uagb_featured_image_src":{"full":false,"thumbnail":false,"medium":false,"medium_large":false,"large":false,"1536x1536":false,"2048x2048":false},"uagb_author_info":{"display_name":"sol_casino20","author_link":"https:\/\/lali-bet.com\/fr\/author\/lalibet.net"},"uagb_comment_info":0,"uagb_excerpt":"Introduction \u00e0 Lalibet France Bienvenue sur Lalibet France, votre porte d&rsquo;entr\u00e9e vers les paris en ligne in\u00e9gal\u00e9s. Au c\u0153ur de l&rsquo;France, Lalibet red\u00e9finit les paris num\u00e9riques en int\u00e9grant harmonieusement la technologie, le divertissement et une s\u00e9curit\u00e9 in\u00e9branlable dans une exp\u00e9rience centr\u00e9e sur l&rsquo;utilisateur. Que vous soyez un parieur exp\u00e9riment\u00e9 ou que vous vous aventuriez pour\u2026","_links":{"self":[{"href":"https:\/\/lali-bet.com\/fr\/wp-json\/wp\/v2\/pages\/282"}],"collection":[{"href":"https:\/\/lali-bet.com\/fr\/wp-json\/wp\/v2\/pages"}],"about":[{"href":"https:\/\/lali-bet.com\/fr\/wp-json\/wp\/v2\/types\/page"}],"author":[{"embeddable":true,"href":"https:\/\/lali-bet.com\/fr\/wp-json\/wp\/v2\/users\/1"}],"replies":[{"embeddable":true,"href":"https:\/\/lali-bet.com\/fr\/wp-json\/wp\/v2\/comments?post=282"}],"version-history":[{"count":10,"href":"https:\/\/lali-bet.com\/fr\/wp-json\/wp\/v2\/pages\/282\/revisions"}],"predecessor-version":[{"id":295,"href":"https:\/\/lali-bet.com\/fr\/wp-json\/wp\/v2\/pages\/282\/revisions\/295"}],"wp:attachment":[{"href":"https:\/\/lali-bet.com\/fr\/wp-json\/wp\/v2\/media?parent=282"}],"curies":[{"name":"wp","href":"https:\/\/api.w.org\/{rel}","templated":true}]}}