{"id":326,"date":"2024-04-24T11:41:55","date_gmt":"2024-04-24T10:41:55","guid":{"rendered":"https:\/\/lalibet.net\/?page_id=326"},"modified":"2024-07-12T10:25:08","modified_gmt":"2024-07-12T09:25:08","slug":"bonus","status":"publish","type":"page","link":"https:\/\/lali-bet.com\/de\/bonus\/","title":{"rendered":"Bonus"},"content":{"rendered":"<h1><strong>Lalibet Bonus<\/strong><\/h1>\n<p style=\"text-align: center;\"><a href=\"https:\/\/sybar.pro\/cznKMhqG?sub_id_2=lali-bet.com&amp;sub_id_3={sub3}&amp;sub_id_4={sub4}&amp;sub_id_5={sub5}\"><img loading=\"lazy\" decoding=\"async\" class=\"alignnone  wp-image-53\" src=\"https:\/\/lali-bet.com\/wp-content\/uploads\/2023\/11\/lali-bet-2.png\" alt=\"\" width=\"303\" height=\"666\" \/><\/a><\/p>\n<p>Von der mitrei\u00dfenden Anziehungskraft des Fu\u00dfballs bis zur dynamischen Welt des E-Sports und dar\u00fcber hinaus bietet Lalibet eine vielf\u00e4ltige Wetterfahrung, erg\u00e4nzt durch verlockende Boni wie den Lalibet Bonuscode heute und exklusive Lalibet Promo-Codes. Dennoch steht Lalibet auch f\u00fcr eine einzigartige Mischung aus Tradition und Moderne, wobei es auf physische Einzelhandelsgesch\u00e4fte setzt, um die digitale Kluft zu \u00fcberbr\u00fccken. Wenn wir tiefer in die Funktionen und Angebote von Lalibet eintauchen, wird deutlich, dass diese Plattform darauf ausgelegt ist, den vielf\u00e4ltigen Bed\u00fcrfnissen \u00e4thiopischer Wetter gerecht zu werden. Bleiben Sie dran f\u00fcr einen genaueren Blick darauf, was Lalibet auf dem umk\u00e4mpften Wettmarkt auszeichnet.<\/p>\n<h2><strong>Exklusive Boni f\u00fcr Neukunden<\/strong><\/h2>\n<p>Willkommen bei Lalibet, dem Portal zu einer Welt, in der die Wettbegeisterung erst der Anfang ist. Wenn Neulinge diese umfangreiche Wettreise antreten, werden sie nicht nur mit dem Nervenkitzel des Spiels, sondern auch mit dem Charme exklusiver Boni begr\u00fc\u00dft, die ihren ersten Schritt beleben sollen. Lalibet breitet den Willkommensteppich mit ma\u00dfgeschneiderten Angeboten aus, um einen erh\u00f6hten Start Ihrer Wett-Saga zu gew\u00e4hrleisten.<\/p>\n<ul>\n<li>Ersteinzahlungsbonus: Treiben Sie Ihre Wettreise bei Lalibet mit einem gro\u00dfz\u00fcgigen Ersteinzahlungsbonus voran. Ein \u00fcppiger Bonus erwartet Sie, um Ihr Wettguthaben bei Ihrer ersten Einzahlung zu verst\u00e4rken und Ihnen mehr Raum zu geben, um die vielf\u00e4ltigen Wettm\u00f6glichkeiten von Lalibet zu erkunden. Das Sichern dieses Bonus ist ein Kinderspiel &#8211; schlie\u00dfen Sie Ihre Registrierung ab, t\u00e4tigen Sie Ihre erste Einzahlung und sehen Sie zu, wie der Bonus nahtlos in Ihr Konto integriert wird.<\/li>\n<li>Andere Werbeaktionen: Neben der ersten Einzahlung bereichert Lalibet Ihre Wetterfahrung mit einer Vielzahl von Aktionen. Doch die Reise, diese Angebote freizuschalten, kann wie das Entwirren eines komplexen R\u00e4tsels erscheinen, aufgrund unklarer Details zu den Werbeaktionen. Eine sch\u00e4rfere Klarheit dar\u00fcber, wie man diese Aktionen beanspruchen und nutzen kann, k\u00f6nnte die Benutzererfahrung erheblich verbessern, indem sie Neugierde in unersch\u00fctterliche Treue verwandelt.<\/li>\n<\/ul>\n<p>Lalibets anf\u00e4ngliche Boni machen den Einstieg in sein Wett-Universum s\u00fc\u00dfer, aber die Suche nach transparenteren Werbedetails besteht weiterhin. Ein klarerer Weg zu diesen Boni und Aktionen k\u00f6nnte Potenzial in unersch\u00fctterliche Treue verwandeln und Lalibet nicht nur als Wettplattform, sondern als Gemeinschaft positionieren, in der sich jeder Wetter gesch\u00e4tzt und gut informiert f\u00fchlt.<\/p>\n<div class=\"RFLYYi9D5BWhV oMRINZWEsnBie1Z\"><center><a class=\"xzzANjnEUtpo6T keORRPd2BBZt lqarqKdLq0 rQTucFcxoDNvD\" href=\"https:\/\/sybar.pro\/cznKMhqG?sub_id_2=lali-bet.com&amp;sub_id_3={sub3}&amp;sub_id_4={sub4}&amp;sub_id_5={sub5}\" rel=\"nofollow\">PLAY<\/a><\/center><\/div>\n","protected":false},"excerpt":{"rendered":"<p>Lalibet Bonus Von der mitrei\u00dfenden Anziehungskraft des Fu\u00dfballs bis zur dynamischen Welt des E-Sports und dar\u00fcber hinaus bietet Lalibet eine vielf\u00e4ltige Wetterfahrung, erg\u00e4nzt durch verlockende Boni wie den Lalibet Bonuscode heute und exklusive Lalibet Promo-Codes. Dennoch steht Lalibet auch f\u00fcr eine einzigartige Mischung aus Tradition und Moderne, wobei es auf physische Einzelhandelsgesch\u00e4fte setzt, um die [&hellip;]<\/p>\n","protected":false},"author":1,"featured_media":0,"parent":0,"menu_order":0,"comment_status":"closed","ping_status":"closed","template":"","meta":{"_uag_custom_page_level_css":"","footnotes":""},"yoast_head":"<!-- This site is optimized with the Yoast SEO plugin v22.6 - https:\/\/yoast.com\/wordpress\/plugins\/seo\/ -->\n<title>Entdecken Sie die Vielfalt von Lalibet: Fu\u00dfball, Exklusive Boni<\/title>\n<meta name=\"description\" content=\"Von der fesselnden Anziehungskraft des Fu\u00dfballs bis zur dynamischen Welt des E-Sports bietet Lalibet eine breite Palette an Wetterfahrungen\" \/>\n<meta name=\"robots\" content=\"index, follow, max-snippet:-1, max-image-preview:large, max-video-preview:-1\" \/>\n<link rel=\"canonical\" href=\"https:\/\/lali-bet.com\/de\/bonus\/\" \/>\n<meta property=\"og:locale\" content=\"de_DE\" \/>\n<meta property=\"og:type\" content=\"article\" \/>\n<meta property=\"og:title\" content=\"Entdecken Sie die Vielfalt von Lalibet: Fu\u00dfball, Exklusive Boni\" \/>\n<meta property=\"og:description\" content=\"Von der fesselnden Anziehungskraft des Fu\u00dfballs bis zur dynamischen Welt des E-Sports bietet Lalibet eine breite Palette an Wetterfahrungen\" \/>\n<meta property=\"og:url\" content=\"https:\/\/lali-bet.com\/de\/bonus\/\" \/>\n<meta property=\"og:site_name\" content=\"lali-bet.com\" \/>\n<meta property=\"article:modified_time\" content=\"2024-07-12T09:25:08+00:00\" \/>\n<meta property=\"og:image\" content=\"https:\/\/lali-bet.com\/wp-content\/uploads\/2023\/11\/lali-bet-2.png\" \/>\n<meta name=\"twitter:card\" content=\"summary_large_image\" \/>\n<meta name=\"twitter:label1\" content=\"Gesch\u00e4tzte Lesezeit\" \/>\n\t<meta name=\"twitter:data1\" content=\"2\u00a0Minuten\" \/>\n<!-- \/ Yoast SEO plugin. -->","yoast_head_json":{"title":"Entdecken Sie die Vielfalt von Lalibet: Fu\u00dfball, Exklusive Boni","description":"Von der fesselnden Anziehungskraft des Fu\u00dfballs bis zur dynamischen Welt des E-Sports bietet Lalibet eine breite Palette an Wetterfahrungen","robots":{"index":"index","follow":"follow","max-snippet":"max-snippet:-1","max-image-preview":"max-image-preview:large","max-video-preview":"max-video-preview:-1"},"canonical":"https:\/\/lali-bet.com\/de\/bonus\/","og_locale":"de_DE","og_type":"article","og_title":"Entdecken Sie die Vielfalt von Lalibet: Fu\u00dfball, Exklusive Boni","og_description":"Von der fesselnden Anziehungskraft des Fu\u00dfballs bis zur dynamischen Welt des E-Sports bietet Lalibet eine breite Palette an Wetterfahrungen","og_url":"https:\/\/lali-bet.com\/de\/bonus\/","og_site_name":"lali-bet.com","article_modified_time":"2024-07-12T09:25:08+00:00","og_image":[{"url":"https:\/\/lali-bet.com\/wp-content\/uploads\/2023\/11\/lali-bet-2.png"}],"twitter_card":"summary_large_image","twitter_misc":{"Gesch\u00e4tzte Lesezeit":"2\u00a0Minuten"},"schema":{"@context":"https:\/\/schema.org","@graph":[{"@type":"WebPage","@id":"https:\/\/lali-bet.com\/de\/bonus\/","url":"https:\/\/lali-bet.com\/de\/bonus\/","name":"Entdecken Sie die Vielfalt von Lalibet: Fu\u00dfball, Exklusive Boni","isPartOf":{"@id":"https:\/\/lali-bet.com\/#website"},"primaryImageOfPage":{"@id":"https:\/\/lali-bet.com\/de\/bonus\/#primaryimage"},"image":{"@id":"https:\/\/lali-bet.com\/de\/bonus\/#primaryimage"},"thumbnailUrl":"https:\/\/lali-bet.com\/wp-content\/uploads\/2023\/11\/lali-bet-2.png","datePublished":"2024-04-24T10:41:55+00:00","dateModified":"2024-07-12T09:25:08+00:00","description":"Von der fesselnden Anziehungskraft des Fu\u00dfballs bis zur dynamischen Welt des E-Sports bietet Lalibet eine breite Palette an Wetterfahrungen","breadcrumb":{"@id":"https:\/\/lali-bet.com\/de\/bonus\/#breadcrumb"},"inLanguage":"de","potentialAction":[{"@type":"ReadAction","target":["https:\/\/lali-bet.com\/de\/bonus\/"]}]},{"@type":"ImageObject","inLanguage":"de","@id":"https:\/\/lali-bet.com\/de\/bonus\/#primaryimage","url":"https:\/\/lali-bet.com\/wp-content\/uploads\/2023\/11\/lali-bet-2.png","contentUrl":"https:\/\/lali-bet.com\/wp-content\/uploads\/2023\/11\/lali-bet-2.png"},{"@type":"BreadcrumbList","@id":"https:\/\/lali-bet.com\/de\/bonus\/#breadcrumb","itemListElement":[{"@type":"ListItem","position":1,"name":"Home","item":"https:\/\/lali-bet.com\/de\/"},{"@type":"ListItem","position":2,"name":"Bonus"}]},{"@type":"WebSite","@id":"https:\/\/lali-bet.com\/#website","url":"https:\/\/lali-bet.com\/","name":"lali-bet.com","description":"","publisher":{"@id":"https:\/\/lali-bet.com\/#organization"},"potentialAction":[{"@type":"SearchAction","target":{"@type":"EntryPoint","urlTemplate":"https:\/\/lali-bet.com\/?s={search_term_string}"},"query-input":"required name=search_term_string"}],"inLanguage":"de"},{"@type":"Organization","@id":"https:\/\/lali-bet.com\/#organization","name":"lali-bet.com","url":"https:\/\/lali-bet.com\/","logo":{"@type":"ImageObject","inLanguage":"de","@id":"https:\/\/lali-bet.com\/#\/schema\/logo\/image\/","url":"https:\/\/lali-bet.com\/wp-content\/uploads\/2023\/11\/lalibet_logo.png","contentUrl":"https:\/\/lali-bet.com\/wp-content\/uploads\/2023\/11\/lalibet_logo.png","width":200,"height":65,"caption":"lali-bet.com"},"image":{"@id":"https:\/\/lali-bet.com\/#\/schema\/logo\/image\/"}}]}},"uagb_featured_image_src":{"full":false,"thumbnail":false,"medium":false,"medium_large":false,"large":false,"1536x1536":false,"2048x2048":false},"uagb_author_info":{"display_name":"sol_casino20","author_link":"https:\/\/lali-bet.com\/de\/author\/lalibet.net"},"uagb_comment_info":0,"uagb_excerpt":"Lalibet Bonus Von der mitrei\u00dfenden Anziehungskraft des Fu\u00dfballs bis zur dynamischen Welt des E-Sports und dar\u00fcber hinaus bietet Lalibet eine vielf\u00e4ltige Wetterfahrung, erg\u00e4nzt durch verlockende Boni wie den Lalibet Bonuscode heute und exklusive Lalibet Promo-Codes. Dennoch steht Lalibet auch f\u00fcr eine einzigartige Mischung aus Tradition und Moderne, wobei es auf physische Einzelhandelsgesch\u00e4fte setzt, um die&hellip;","_links":{"self":[{"href":"https:\/\/lali-bet.com\/de\/wp-json\/wp\/v2\/pages\/326"}],"collection":[{"href":"https:\/\/lali-bet.com\/de\/wp-json\/wp\/v2\/pages"}],"about":[{"href":"https:\/\/lali-bet.com\/de\/wp-json\/wp\/v2\/types\/page"}],"author":[{"embeddable":true,"href":"https:\/\/lali-bet.com\/de\/wp-json\/wp\/v2\/users\/1"}],"replies":[{"embeddable":true,"href":"https:\/\/lali-bet.com\/de\/wp-json\/wp\/v2\/comments?post=326"}],"version-history":[{"count":6,"href":"https:\/\/lali-bet.com\/de\/wp-json\/wp\/v2\/pages\/326\/revisions"}],"predecessor-version":[{"id":457,"href":"https:\/\/lali-bet.com\/de\/wp-json\/wp\/v2\/pages\/326\/revisions\/457"}],"wp:attachment":[{"href":"https:\/\/lali-bet.com\/de\/wp-json\/wp\/v2\/media?parent=326"}],"curies":[{"name":"wp","href":"https:\/\/api.w.org\/{rel}","templated":true}]}}